{"id":7574,"date":"2020-04-06T21:28:34","date_gmt":"2020-04-06T21:28:34","guid":{"rendered":"http:\/\/www.nenagheireog.com\/?page_id=7574"},"modified":"2020-04-07T15:44:50","modified_gmt":"2020-04-07T15:44:50","slug":"sponsors","status":"publish","type":"page","link":"https:\/\/www.nenagheireog.com\/index.php\/sponsors\/","title":{"rendered":"Our Generous Sponsors"},"content":{"rendered":"<div id=\"fb-root\"><\/div>\n<p><span style=\"font-size: 24pt;\"><a href=\"https:\/\/www.specsavers.ie\/stores\/nenagh\"><strong>Specsavers<\/strong><\/a><\/span><\/p>\n<p><img decoding=\"async\" loading=\"lazy\" class=\"aligncenter size-full wp-image-7584\" src=\"https:\/\/www.nenagheireog.com\/wp-content\/uploads\/Specsavers-1.png\" alt=\"\" width=\"1311\" height=\"426\" srcset=\"https:\/\/www.nenagheireog.com\/wp-content\/uploads\/Specsavers-1.png 1311w, https:\/\/www.nenagheireog.com\/wp-content\/uploads\/Specsavers-1-300x97.png 300w, https:\/\/www.nenagheireog.com\/wp-content\/uploads\/Specsavers-1-768x250.png 768w, https:\/\/www.nenagheireog.com\/wp-content\/uploads\/Specsavers-1-1024x333.png 1024w\" sizes=\"(max-width: 1311px) 100vw, 1311px\" \/><\/p>\n<p>\u00c9ire \u00d3g are very grateful to Specsavers Nenagh who are the club sponsor. And, \u00c9ire \u00d3g encourages all members to support the business activities of our club sponsor whenever possible and practical. Specsavers is located at 5 Quintin&#8217;s Way, Pearse Street,&nbsp;Nenagh.<\/p>\n<p>Phone: 067 37280.<\/p>\n<p><a href=\"https:\/\/www.specsavers.ie\/stores\/nenagh\">Visit their website<\/a><\/p>\n<div class=\"mom_hr\" style=\"\"><span class=\"mom_inner_hr\"><\/span><\/div>\n<p><span style=\"font-size: 24pt;\"><a href=\"https:\/\/www.rodybolands.com\/\"><strong>Rody Boland&#8217;s, Rathmines<\/strong><\/a><\/span><\/p>\n<p><img decoding=\"async\" loading=\"lazy\" class=\"aligncenter wp-image-4704\" src=\"https:\/\/www.nenagheireog.com\/wp-content\/uploads\/20160811_163746.jpg\" alt=\"\" width=\"735\" height=\"544\" srcset=\"https:\/\/www.nenagheireog.com\/wp-content\/uploads\/20160811_163746.jpg 3711w, https:\/\/www.nenagheireog.com\/wp-content\/uploads\/20160811_163746-300x222.jpg 300w, https:\/\/www.nenagheireog.com\/wp-content\/uploads\/20160811_163746-768x569.jpg 768w, https:\/\/www.nenagheireog.com\/wp-content\/uploads\/20160811_163746-1024x759.jpg 1024w\" sizes=\"(max-width: 735px) 100vw, 735px\" \/><\/p>\n<p>The \u00c9ire \u00d3g Club are very grateful to Rody Boland\u2019s, Rathmines, who this year took on Sponsorship of our Senior Hurling Team. A great spot to stop in when in Dublin, especially on days when Tipperary are playing in Croke Park.<\/p>\n<p>Rody Bolands is owned by Nenagh man Kieran O\u2019Meara and his son Brian. Kieran played underage with Eire Og Nenagh, before moving to Dublin. He is also one of the founding members of the Tipperary Supporters Club, and was Chairman when Tipperary won All Irelands in 1989 and 1991.<\/p>\n<p>Rody Boland\u2019s is located at 12-14 Upper Rathmines Road, Rathmines, Dublin 6.<\/p>\n<p>Phone: 01-4970328.<\/p>\n<p><a href=\"http:\/\/www.rodybolands.com\/\" target=\"_blank\" rel=\"noopener\">rodybolands.com<\/a><\/p>\n<div class=\"mom_hr\" style=\"\"><span class=\"mom_inner_hr\"><\/span><\/div>\n<p><span style=\"font-size: 24pt;\"><a href=\"https:\/\/andysnenagh.com\/\"><strong>Andy&#8217;s Bar<\/strong><\/a><\/span><\/p>\n<p><img decoding=\"async\" loading=\"lazy\" class=\"aligncenter size-full wp-image-7587\" src=\"https:\/\/www.nenagheireog.com\/wp-content\/uploads\/andys.png\" alt=\"\" width=\"492\" height=\"329\" srcset=\"https:\/\/www.nenagheireog.com\/wp-content\/uploads\/andys.png 492w, https:\/\/www.nenagheireog.com\/wp-content\/uploads\/andys-300x201.png 300w, https:\/\/www.nenagheireog.com\/wp-content\/uploads\/andys-90x60.png 90w, https:\/\/www.nenagheireog.com\/wp-content\/uploads\/andys-180x120.png 180w, https:\/\/www.nenagheireog.com\/wp-content\/uploads\/andys-95x64.png 95w\" sizes=\"(max-width: 492px) 100vw, 492px\" \/><\/p>\n<p>\u00c9ire \u00d3g are very grateful to Andy\u2019s Bar who are the club sponsor. And, \u00c9ire \u00d3g encourages all members to support the business activities of our club sponsor whenever possible and practical. Andy\u2019s Bar B&amp;B and Restaurant is located at 23 Sarsfield Street, Nenagh.<\/p>\n<p>Phone: 067 32494.<\/p>\n<p>Proprietor: Joe Mulqueen (086 234 4312).<\/p>\n<p>Visit&nbsp;<a href=\"http:\/\/www.andysnenagh.com\/\" target=\"_blank\" rel=\"noopener\">andysnenagh.com<\/a><\/p>\n<div class=\"mom_hr\" style=\"\"><span class=\"mom_inner_hr\"><\/span><\/div>\n","protected":false},"excerpt":{"rendered":"<p>Specsavers \u00c9ire \u00d3g are very grateful to Specsavers Nenagh who are the club sponsor. And, \u00c9ire \u00d3g encourages all members to support the business activities of our club sponsor whenever possible and practical. Specsavers is located at 5 Quintin&#8217;s Way, Pearse Street,&nbsp;Nenagh. Phone: 067 37280. Visit their website Rody Boland&#8217;s, Rathmines The \u00c9ire \u00d3g Club [&hellip;]<\/p>\n","protected":false},"author":1,"featured_media":0,"parent":0,"menu_order":0,"comment_status":"closed","ping_status":"closed","template":"","meta":{"ngg_post_thumbnail":0,"_bbp_topic_count":0,"_bbp_reply_count":0,"_bbp_total_topic_count":0,"_bbp_total_reply_count":0,"_bbp_voice_count":0,"_bbp_anonymous_reply_count":0,"_bbp_topic_count_hidden":0,"_bbp_reply_count_hidden":0,"_bbp_forum_subforum_count":0},"_links":{"self":[{"href":"https:\/\/www.nenagheireog.com\/index.php\/wp-json\/wp\/v2\/pages\/7574"}],"collection":[{"href":"https:\/\/www.nenagheireog.com\/index.php\/wp-json\/wp\/v2\/pages"}],"about":[{"href":"https:\/\/www.nenagheireog.com\/index.php\/wp-json\/wp\/v2\/types\/page"}],"author":[{"embeddable":true,"href":"https:\/\/www.nenagheireog.com\/index.php\/wp-json\/wp\/v2\/users\/1"}],"replies":[{"embeddable":true,"href":"https:\/\/www.nenagheireog.com\/index.php\/wp-json\/wp\/v2\/comments?post=7574"}],"version-history":[{"count":12,"href":"https:\/\/www.nenagheireog.com\/index.php\/wp-json\/wp\/v2\/pages\/7574\/revisions"}],"predecessor-version":[{"id":7618,"href":"https:\/\/www.nenagheireog.com\/index.php\/wp-json\/wp\/v2\/pages\/7574\/revisions\/7618"}],"wp:attachment":[{"href":"https:\/\/www.nenagheireog.com\/index.php\/wp-json\/wp\/v2\/media?parent=7574"}],"curies":[{"name":"wp","href":"https:\/\/api.w.org\/{rel}","templated":true}]}}